{"id":293,"date":"2025-05-19T11:24:14","date_gmt":"2025-05-19T11:24:14","guid":{"rendered":"https:\/\/pierretombalecameroun.net\/?page_id=293"},"modified":"2025-05-20T08:01:01","modified_gmt":"2025-05-20T08:01:01","slug":"politique-de-confidentialite","status":"publish","type":"page","link":"https:\/\/pierretombalecameroun.net\/en\/politique-de-confidentialite\/","title":{"rendered":"Privicy Policy"},"content":{"rendered":"<div data-elementor-type=\"wp-page\" data-elementor-id=\"293\" class=\"elementor elementor-293\">\n\t\t\t\t<div class=\"elementor-element elementor-element-92bb5c7 e-flex e-con-boxed e-con e-parent\" data-id=\"92bb5c7\" data-element_type=\"container\">\n\t\t\t\t\t<div class=\"e-con-inner\">\n\t\t\t\t<div class=\"elementor-element elementor-element-5f1f8be elementor-widget__width-initial elementor-widget elementor-widget-text-editor\" data-id=\"5f1f8be\" data-element_type=\"widget\" data-widget_type=\"text-editor.default\">\n\t\t\t\t<div class=\"elementor-widget-container\">\n\t\t\t\t\t\t\t\t\t<p data-start=\"305\" data-end=\"341\">Derni\u00e8re mise \u00e0 jour : [18 mai 2025]<\/p><p data-start=\"343\" data-end=\"762\">La pr\u00e9sente <strong data-start=\"355\" data-end=\"387\">politique de confidentialit\u00e9<\/strong> a pour but de vous informer de la mani\u00e8re dont <strong data-start=\"435\" data-end=\"462\">Tombstone Cameroon and Africa<\/strong> collecte, utilise, prot\u00e8ge et partage vos donn\u00e9es personnelles lors de l\u2019utilisation de notre site internet <strong data-start=\"571\" data-end=\"599\">pierretombalecameroun.net<\/strong>, dans le respect des normes internationales, notamment le <strong data-start=\"658\" data-end=\"716\">R\u00e8glement G\u00e9n\u00e9ral sur la Protection des Donn\u00e9es (RGPD)<\/strong>, ainsi que des lois camerounaises en vigueur.<\/p><hr data-start=\"764\" data-end=\"767\" \/><h2 data-start=\"769\" data-end=\"792\">1. Qui sommes-nous ?<\/h2><p data-start=\"794\" data-end=\"970\"><strong data-start=\"794\" data-end=\"821\">Tombstone Cameroon and Africa<\/strong> est une entreprise sp\u00e9cialis\u00e9e dans la conception et la pose de monuments fun\u00e9raires, situ\u00e9e \u00e0 Yaound\u00e9, au lieu-dit <strong data-start=\"938\" data-end=\"969\">Nouvelle route Fanta Citron, Yaound\u00e9, Cameroun<\/strong>.<\/p><hr data-start=\"972\" data-end=\"975\" \/><h2 data-start=\"977\" data-end=\"1014\">2. Donn\u00e9es personnelles collect\u00e9es<\/h2><p data-start=\"1016\" data-end=\"1157\">Lorsque vous visitez notre site, utilisez nos formulaires ou interagissez avec notre boutique, nous pouvons collecter les donn\u00e9es suivantes :<\/p><ul data-start=\"1159\" data-end=\"1508\"><li data-start=\"1159\" data-end=\"1239\"><p data-start=\"1161\" data-end=\"1239\"><strong data-start=\"1161\" data-end=\"1189\">Donn\u00e9es d&rsquo;identification<\/strong> : nom, pr\u00e9nom, adresse email, num\u00e9ro de t\u00e9l\u00e9phone<\/p><\/li><li data-start=\"1240\" data-end=\"1342\"><p data-start=\"1242\" data-end=\"1342\"><strong data-start=\"1242\" data-end=\"1267\">Donn\u00e9es de navigation<\/strong> : adresse IP, type d\u2019appareil, navigateur, pages visit\u00e9es, temps de visite<\/p><\/li><li data-start=\"1343\" data-end=\"1430\"><p data-start=\"1345\" data-end=\"1430\"><strong data-start=\"1345\" data-end=\"1366\">Messages \u00e9chang\u00e9s<\/strong> via WhatsApp (si vous nous contactez via le bouton de commande)<\/p><\/li><li data-start=\"1431\" data-end=\"1508\"><p data-start=\"1433\" data-end=\"1508\"><strong data-start=\"1433\" data-end=\"1474\">Donn\u00e9es fournies dans les formulaires<\/strong> (contact, commande, commentaires)<\/p><\/li><\/ul><hr data-start=\"1510\" data-end=\"1513\" \/><h2 data-start=\"1515\" data-end=\"1544\">3. Finalit\u00e9 de la collecte<\/h2><p data-start=\"1546\" data-end=\"1596\">Nous utilisons vos donn\u00e9es dans les cas suivants :<\/p><ul data-start=\"1598\" data-end=\"1906\"><li data-start=\"1598\" data-end=\"1652\"><p data-start=\"1600\" data-end=\"1652\">R\u00e9pondre \u00e0 vos demandes via le formulaire de contact<\/p><\/li><li data-start=\"1653\" data-end=\"1710\"><p data-start=\"1655\" data-end=\"1710\">Traiter vos commandes et demandes de devis via WhatsApp<\/p><\/li><li data-start=\"1711\" data-end=\"1768\"><p data-start=\"1713\" data-end=\"1768\">Afficher correctement le site et en assurer la s\u00e9curit\u00e9<\/p><\/li><li data-start=\"1769\" data-end=\"1840\"><p data-start=\"1771\" data-end=\"1840\">Am\u00e9liorer l\u2019exp\u00e9rience utilisateur gr\u00e2ce aux statistiques anonymis\u00e9es<\/p><\/li><li data-start=\"1841\" data-end=\"1906\"><p data-start=\"1843\" data-end=\"1906\">Vous informer par email, uniquement en cas de demande explicite<\/p><\/li><\/ul><hr data-start=\"1908\" data-end=\"1911\" \/><h2 data-start=\"1913\" data-end=\"1931\">4. Consentement<\/h2><p data-start=\"1933\" data-end=\"2247\">En remplissant un formulaire, en commandant un produit ou en nous contactant via WhatsApp, <strong data-start=\"2024\" data-end=\"2056\">vous consentez explicitement<\/strong> \u00e0 ce que vos donn\u00e9es soient utilis\u00e9es pour le traitement de votre demande.<br data-start=\"2131\" data-end=\"2134\" \/>Vous pouvez retirer votre consentement \u00e0 tout moment en nous contactant via les coordonn\u00e9es indiqu\u00e9es ci-dessous.<\/p><hr data-start=\"2249\" data-end=\"2252\" \/><h2 data-start=\"2254\" data-end=\"2279\">5. Partage des donn\u00e9es<\/h2><p data-start=\"2281\" data-end=\"2393\">Nous ne vendons, louons ou ne partageons <strong data-start=\"2322\" data-end=\"2351\">aucune donn\u00e9e personnelle<\/strong> \u00e0 des tiers, sauf dans les cas suivants :<\/p><ul data-start=\"2395\" data-end=\"2573\"><li data-start=\"2395\" data-end=\"2496\"><p data-start=\"2397\" data-end=\"2496\">Fournisseurs techniques (h\u00e9bergement, maintenance, service d\u2019envoi de mails) li\u00e9s contractuellement<\/p><\/li><li data-start=\"2497\" data-end=\"2573\"><p data-start=\"2499\" data-end=\"2573\">Obligations l\u00e9gales ou judiciaires (sur demande des autorit\u00e9s comp\u00e9tentes)<\/p><\/li><\/ul><hr data-start=\"2575\" data-end=\"2578\" \/><h2 data-start=\"2580\" data-end=\"2606\">6. S\u00e9curit\u00e9 des donn\u00e9es<\/h2><p data-start=\"2608\" data-end=\"2880\">Vos donn\u00e9es sont h\u00e9berg\u00e9es sur des serveurs s\u00e9curis\u00e9s et prot\u00e9g\u00e9es par des mesures techniques (cryptage SSL, pare-feu) et organisationnelles ad\u00e9quates.<br data-start=\"2759\" data-end=\"2762\" \/>Seules les personnes habilit\u00e9es au sein de notre \u00e9quipe ou de nos partenaires techniques ont acc\u00e8s \u00e0 vos informations.<\/p><hr data-start=\"2882\" data-end=\"2885\" \/><h2 data-start=\"2887\" data-end=\"2914\">7. Dur\u00e9e de conservation<\/h2><p data-start=\"2916\" data-end=\"3071\">Vos donn\u00e9es personnelles sont conserv\u00e9es pendant la dur\u00e9e n\u00e9cessaire au traitement de votre demande, puis archiv\u00e9es ou supprim\u00e9es selon les d\u00e9lais l\u00e9gaux :<\/p><ul data-start=\"3073\" data-end=\"3186\"><li data-start=\"3073\" data-end=\"3103\"><p data-start=\"3075\" data-end=\"3103\">Donn\u00e9es de contact : 12 mois<\/p><\/li><li data-start=\"3104\" data-end=\"3133\"><p data-start=\"3106\" data-end=\"3133\">Donn\u00e9es de commande : 3 ans<\/p><\/li><li data-start=\"3134\" data-end=\"3186\"><p data-start=\"3136\" data-end=\"3186\">Donn\u00e9es de navigation (cookies anonymes) : 13 mois<\/p><\/li><\/ul><hr data-start=\"3188\" data-end=\"3191\" \/><h2 data-start=\"3193\" data-end=\"3209\">8. Vos droits<\/h2><p data-start=\"3211\" data-end=\"3280\">Conform\u00e9ment \u00e0 la r\u00e9glementation, vous disposez des droits suivants :<\/p><ul data-start=\"3282\" data-end=\"3627\"><li data-start=\"3282\" data-end=\"3339\"><p data-start=\"3284\" data-end=\"3339\">Droit d&rsquo;acc\u00e8s : conna\u00eetre les donn\u00e9es d\u00e9tenues sur vous<\/p><\/li><li data-start=\"3340\" data-end=\"3392\"><p data-start=\"3342\" data-end=\"3392\">Droit de rectification : modifier vos informations<\/p><\/li><li data-start=\"3393\" data-end=\"3454\"><p data-start=\"3395\" data-end=\"3454\">Droit d\u2019effacement : demander la suppression de vos donn\u00e9es<\/p><\/li><li data-start=\"3455\" data-end=\"3506\"><p data-start=\"3457\" data-end=\"3506\">Droit d\u2019opposition : refuser certains traitements<\/p><\/li><li data-start=\"3507\" data-end=\"3575\"><p data-start=\"3509\" data-end=\"3575\">Droit \u00e0 la portabilit\u00e9 : r\u00e9cup\u00e9rer vos donn\u00e9es sous format lisible<\/p><\/li><li data-start=\"3576\" data-end=\"3627\"><p data-start=\"3578\" data-end=\"3627\">Droit de retirer votre consentement \u00e0 tout moment<\/p><\/li><\/ul><p data-start=\"3629\" data-end=\"3712\">Pour exercer ces droits, \u00e9crivez-nous \u00e0 :<br data-start=\"3670\" data-end=\"3673\" \/><img decoding=\"async\" class=\"emoji\" role=\"img\" draggable=\"false\" src=\"https:\/\/s.w.org\/images\/core\/emoji\/15.1.0\/svg\/1f4e7.svg\" alt=\"\ud83d\udce7\" \/> <strong data-start=\"3676\" data-end=\"3712\"><a class=\"cursor-pointer\" rel=\"noopener\" data-start=\"3678\" data-end=\"3710\">contact@pierretombalecameroun.net<\/a><\/strong><\/p><hr data-start=\"3714\" data-end=\"3717\" \/><h2 data-start=\"3719\" data-end=\"3732\">9. Cookies<\/h2><p data-start=\"3734\" data-end=\"3931\">Notre site utilise des <strong data-start=\"3757\" data-end=\"3768\">cookies<\/strong> pour am\u00e9liorer votre exp\u00e9rience. Vous pouvez accepter, refuser ou personnaliser leur utilisation d\u00e8s votre premi\u00e8re visite gr\u00e2ce \u00e0 notre banni\u00e8re de consentement.<\/p><p data-start=\"3933\" data-end=\"3960\">Types de cookies utilis\u00e9s :<\/p><ul data-start=\"3961\" data-end=\"4138\"><li data-start=\"3961\" data-end=\"4008\"><p data-start=\"3963\" data-end=\"4008\">Cookies n\u00e9cessaires au fonctionnement du site<\/p><\/li><li data-start=\"4009\" data-end=\"4072\"><p data-start=\"4011\" data-end=\"4072\">Cookies de mesure d\u2019audience (Google Analytics ou \u00e9quivalent)<\/p><\/li><li data-start=\"4073\" data-end=\"4138\"><p data-start=\"4075\" data-end=\"4138\">Cookies de partage sur les r\u00e9seaux sociaux (WhatsApp, Facebook)<\/p><\/li><\/ul><hr data-start=\"4140\" data-end=\"4143\" \/><h2 data-start=\"4145\" data-end=\"4163\">10. H\u00e9bergement<\/h2><p data-start=\"4165\" data-end=\"4351\">Le site <strong data-start=\"4173\" data-end=\"4201\">pierretombalecameroun.fr<\/strong> est h\u00e9berg\u00e9 aupr\u00e8s d\u2019un prestataire fiable, situ\u00e9 dans l\u2019Union Europ\u00e9enne ou dans un pays offrant un niveau de protection \u00e9quivalent \u00e0 celui du RGPD.<\/p><hr data-start=\"4353\" data-end=\"4356\" \/><h2 data-start=\"4358\" data-end=\"4378\">11. Modifications<\/h2><p data-start=\"4380\" data-end=\"4529\">Nous nous r\u00e9servons le droit de modifier cette politique \u00e0 tout moment. Toute modification sera publi\u00e9e sur cette page, avec une date de mise \u00e0 jour.<\/p><hr data-start=\"4531\" data-end=\"4534\" \/><h2 data-start=\"4536\" data-end=\"4550\">12. Contact<\/h2><p data-start=\"4552\" data-end=\"4630\">Pour toute question relative \u00e0 cette politique ou \u00e0 vos donn\u00e9es personnelles :<\/p><p data-start=\"4632\" data-end=\"4768\"><strong data-start=\"4632\" data-end=\"4659\">Pierre Tombale Cameroun<\/strong><br data-start=\"4659\" data-end=\"4662\" \/><img decoding=\"async\" class=\"emoji\" role=\"img\" draggable=\"false\" src=\"https:\/\/s.w.org\/images\/core\/emoji\/15.1.0\/svg\/1f4cd.svg\" alt=\"\ud83d\udccd\" \/> Nouvelle route Fanta Citron, Yaound\u00e9<br data-start=\"4701\" data-end=\"4704\" \/><img decoding=\"async\" class=\"emoji\" role=\"img\" draggable=\"false\" src=\"https:\/\/s.w.org\/images\/core\/emoji\/15.1.0\/svg\/1f4e7.svg\" alt=\"\ud83d\udce7\" \/> <a class=\"cursor-pointer\" rel=\"noopener\" data-start=\"4707\" data-end=\"4739\">contact@pierretombalecameroun.net<\/a><br data-start=\"4739\" data-end=\"4742\" \/><img decoding=\"async\" class=\"emoji\" role=\"img\" draggable=\"false\" src=\"https:\/\/s.w.org\/images\/core\/emoji\/15.1.0\/svg\/1f4de.svg\" alt=\"\ud83d\udcde\" \/> +237 6 94 84 89 31<\/p>\t\t\t\t\t\t\t\t<\/div>\n\t\t\t\t<\/div>\n\t\t\t\t\t<\/div>\n\t\t\t\t<\/div>\n\t\t\t\t<\/div>","protected":false},"excerpt":{"rendered":"<p>Derni\u00e8re mise \u00e0 jour : [18 mai 2025] La pr\u00e9sente politique de confidentialit\u00e9 a pour but de vous informer de la mani\u00e8re dont Pierre Tombale Cameroun et Afrique collecte, utilise, prot\u00e8ge et partage vos donn\u00e9es personnelles lors de l\u2019utilisation de notre site internet pierretombalecameroun.net, dans le respect des normes internationales, notamment le R\u00e8glement G\u00e9n\u00e9ral sur [&hellip;]<\/p>","protected":false},"author":4,"featured_media":0,"parent":0,"menu_order":0,"comment_status":"closed","ping_status":"closed","template":"","meta":{"ocean_post_layout":"","ocean_both_sidebars_style":"","ocean_both_sidebars_content_width":0,"ocean_both_sidebars_sidebars_width":0,"ocean_sidebar":"","ocean_second_sidebar":"","ocean_disable_margins":"enable","ocean_add_body_class":"","ocean_shortcode_before_top_bar":"","ocean_shortcode_after_top_bar":"","ocean_shortcode_before_header":"","ocean_shortcode_after_header":"","ocean_has_shortcode":"","ocean_shortcode_after_title":"","ocean_shortcode_before_footer_widgets":"","ocean_shortcode_after_footer_widgets":"","ocean_shortcode_before_footer_bottom":"","ocean_shortcode_after_footer_bottom":"","ocean_display_top_bar":"default","ocean_display_header":"default","ocean_header_style":"","ocean_center_header_left_menu":"","ocean_custom_header_template":"","ocean_custom_logo":0,"ocean_custom_retina_logo":0,"ocean_custom_logo_max_width":0,"ocean_custom_logo_tablet_max_width":0,"ocean_custom_logo_mobile_max_width":0,"ocean_custom_logo_max_height":0,"ocean_custom_logo_tablet_max_height":0,"ocean_custom_logo_mobile_max_height":0,"ocean_header_custom_menu":"","ocean_menu_typo_font_family":"","ocean_menu_typo_font_subset":"","ocean_menu_typo_font_size":0,"ocean_menu_typo_font_size_tablet":0,"ocean_menu_typo_font_size_mobile":0,"ocean_menu_typo_font_size_unit":"px","ocean_menu_typo_font_weight":"","ocean_menu_typo_font_weight_tablet":"","ocean_menu_typo_font_weight_mobile":"","ocean_menu_typo_transform":"","ocean_menu_typo_transform_tablet":"","ocean_menu_typo_transform_mobile":"","ocean_menu_typo_line_height":0,"ocean_menu_typo_line_height_tablet":0,"ocean_menu_typo_line_height_mobile":0,"ocean_menu_typo_line_height_unit":"","ocean_menu_typo_spacing":0,"ocean_menu_typo_spacing_tablet":0,"ocean_menu_typo_spacing_mobile":0,"ocean_menu_typo_spacing_unit":"","ocean_menu_link_color":"","ocean_menu_link_color_hover":"","ocean_menu_link_color_active":"","ocean_menu_link_background":"","ocean_menu_link_hover_background":"","ocean_menu_link_active_background":"","ocean_menu_social_links_bg":"","ocean_menu_social_hover_links_bg":"","ocean_menu_social_links_color":"","ocean_menu_social_hover_links_color":"","ocean_disable_title":"default","ocean_disable_heading":"default","ocean_post_title":"","ocean_post_subheading":"","ocean_post_title_style":"","ocean_post_title_background_color":"","ocean_post_title_background":0,"ocean_post_title_bg_image_position":"","ocean_post_title_bg_image_attachment":"","ocean_post_title_bg_image_repeat":"","ocean_post_title_bg_image_size":"","ocean_post_title_height":0,"ocean_post_title_bg_overlay":0.5,"ocean_post_title_bg_overlay_color":"","ocean_disable_breadcrumbs":"default","ocean_breadcrumbs_color":"","ocean_breadcrumbs_separator_color":"","ocean_breadcrumbs_links_color":"","ocean_breadcrumbs_links_hover_color":"","ocean_display_footer_widgets":"default","ocean_display_footer_bottom":"default","ocean_custom_footer_template":"","footnotes":""},"class_list":["post-293","page","type-page","status-publish","hentry","entry"],"yoast_head":"<!-- This site is optimized with the Yoast SEO plugin v25.3 - https:\/\/yoast.com\/wordpress\/plugins\/seo\/ -->\n<title>Politique de confidentialit\u00e9 - PIERRE TOMBALE CAMEROUN ET AFRIQUE<\/title>\n<meta name=\"robots\" content=\"index, follow, max-snippet:-1, max-image-preview:large, max-video-preview:-1\" \/>\n<link rel=\"canonical\" href=\"https:\/\/pierretombalecameroun.net\/en\/politique-de-confidentialite\/\" \/>\n<meta property=\"og:locale\" content=\"en_US\" \/>\n<meta property=\"og:type\" content=\"article\" \/>\n<meta property=\"og:title\" content=\"Politique de confidentialit\u00e9 - PIERRE TOMBALE CAMEROUN ET AFRIQUE\" \/>\n<meta property=\"og:description\" content=\"Derni\u00e8re mise \u00e0 jour : [18 mai 2025] La pr\u00e9sente politique de confidentialit\u00e9 a pour but de vous informer de la mani\u00e8re dont Pierre Tombale Cameroun et Afrique collecte, utilise, prot\u00e8ge et partage vos donn\u00e9es personnelles lors de l\u2019utilisation de notre site internet pierretombalecameroun.net, dans le respect des normes internationales, notamment le R\u00e8glement G\u00e9n\u00e9ral sur [&hellip;]\" \/>\n<meta property=\"og:url\" content=\"https:\/\/pierretombalecameroun.net\/en\/politique-de-confidentialite\/\" \/>\n<meta property=\"og:site_name\" content=\"PIERRE TOMBALE CAMEROUN ET AFRIQUE\" \/>\n<meta property=\"article:modified_time\" content=\"2025-05-20T08:01:01+00:00\" \/>\n<meta property=\"og:image\" content=\"https:\/\/s.w.org\/images\/core\/emoji\/15.1.0\/svg\/1f4e7.svg\" \/>\n<meta name=\"twitter:card\" content=\"summary_large_image\" \/>\n<meta name=\"twitter:label1\" content=\"Est. reading time\" \/>\n\t<meta name=\"twitter:data1\" content=\"4 minutes\" \/>\n<script type=\"application\/ld+json\" class=\"yoast-schema-graph\">{\"@context\":\"https:\/\/schema.org\",\"@graph\":[{\"@type\":\"WebPage\",\"@id\":\"https:\/\/pierretombalecameroun.net\/politique-de-confidentialite\/\",\"url\":\"https:\/\/pierretombalecameroun.net\/politique-de-confidentialite\/\",\"name\":\"Politique de confidentialit\u00e9 - PIERRE TOMBALE CAMEROUN ET AFRIQUE\",\"isPartOf\":{\"@id\":\"https:\/\/pierretombalecameroun.net\/#website\"},\"primaryImageOfPage\":{\"@id\":\"https:\/\/pierretombalecameroun.net\/politique-de-confidentialite\/#primaryimage\"},\"image\":{\"@id\":\"https:\/\/pierretombalecameroun.net\/politique-de-confidentialite\/#primaryimage\"},\"thumbnailUrl\":\"https:\/\/s.w.org\/images\/core\/emoji\/15.1.0\/svg\/1f4e7.svg\",\"datePublished\":\"2025-05-19T11:24:14+00:00\",\"dateModified\":\"2025-05-20T08:01:01+00:00\",\"breadcrumb\":{\"@id\":\"https:\/\/pierretombalecameroun.net\/politique-de-confidentialite\/#breadcrumb\"},\"inLanguage\":\"en-US\",\"potentialAction\":[{\"@type\":\"ReadAction\",\"target\":[\"https:\/\/pierretombalecameroun.net\/politique-de-confidentialite\/\"]}]},{\"@type\":\"ImageObject\",\"inLanguage\":\"en-US\",\"@id\":\"https:\/\/pierretombalecameroun.net\/politique-de-confidentialite\/#primaryimage\",\"url\":\"https:\/\/s.w.org\/images\/core\/emoji\/15.1.0\/svg\/1f4e7.svg\",\"contentUrl\":\"https:\/\/s.w.org\/images\/core\/emoji\/15.1.0\/svg\/1f4e7.svg\"},{\"@type\":\"BreadcrumbList\",\"@id\":\"https:\/\/pierretombalecameroun.net\/politique-de-confidentialite\/#breadcrumb\",\"itemListElement\":[{\"@type\":\"ListItem\",\"position\":1,\"name\":\"Accueil\",\"item\":\"https:\/\/pierretombalecameroun.net\/\"},{\"@type\":\"ListItem\",\"position\":2,\"name\":\"Politique de confidentialit\u00e9\"}]},{\"@type\":\"WebSite\",\"@id\":\"https:\/\/pierretombalecameroun.net\/#website\",\"url\":\"https:\/\/pierretombalecameroun.net\/\",\"name\":\"PIERRE TOMBALE CAMEROUN ET AFRIQUE\",\"description\":\"HONORER LA VIE, PRESERVER LA MEMOIRE\",\"publisher\":{\"@id\":\"https:\/\/pierretombalecameroun.net\/#organization\"},\"potentialAction\":[{\"@type\":\"SearchAction\",\"target\":{\"@type\":\"EntryPoint\",\"urlTemplate\":\"https:\/\/pierretombalecameroun.net\/?s={search_term_string}\"},\"query-input\":{\"@type\":\"PropertyValueSpecification\",\"valueRequired\":true,\"valueName\":\"search_term_string\"}}],\"inLanguage\":\"en-US\"},{\"@type\":\"Organization\",\"@id\":\"https:\/\/pierretombalecameroun.net\/#organization\",\"name\":\"PIERRE TOMBALE CAMEROUN ET AFRIQUE\",\"url\":\"https:\/\/pierretombalecameroun.net\/\",\"logo\":{\"@type\":\"ImageObject\",\"inLanguage\":\"en-US\",\"@id\":\"https:\/\/pierretombalecameroun.net\/#\/schema\/logo\/image\/\",\"url\":\"https:\/\/pierretombalecameroun.net\/wp-content\/uploads\/2025\/05\/zipwp-image-2221.png\",\"contentUrl\":\"https:\/\/pierretombalecameroun.net\/wp-content\/uploads\/2025\/05\/zipwp-image-2221.png\",\"width\":480,\"height\":480,\"caption\":\"PIERRE TOMBALE CAMEROUN ET AFRIQUE\"},\"image\":{\"@id\":\"https:\/\/pierretombalecameroun.net\/#\/schema\/logo\/image\/\"}}]}<\/script>\n<!-- \/ Yoast SEO plugin. -->","yoast_head_json":{"title":"Politique de confidentialit\u00e9 - PIERRE TOMBALE CAMEROUN ET AFRIQUE","robots":{"index":"index","follow":"follow","max-snippet":"max-snippet:-1","max-image-preview":"max-image-preview:large","max-video-preview":"max-video-preview:-1"},"canonical":"https:\/\/pierretombalecameroun.net\/en\/politique-de-confidentialite\/","og_locale":"en_US","og_type":"article","og_title":"Politique de confidentialit\u00e9 - PIERRE TOMBALE CAMEROUN ET AFRIQUE","og_description":"Derni\u00e8re mise \u00e0 jour : [18 mai 2025] La pr\u00e9sente politique de confidentialit\u00e9 a pour but de vous informer de la mani\u00e8re dont Pierre Tombale Cameroun et Afrique collecte, utilise, prot\u00e8ge et partage vos donn\u00e9es personnelles lors de l\u2019utilisation de notre site internet pierretombalecameroun.net, dans le respect des normes internationales, notamment le R\u00e8glement G\u00e9n\u00e9ral sur [&hellip;]","og_url":"https:\/\/pierretombalecameroun.net\/en\/politique-de-confidentialite\/","og_site_name":"PIERRE TOMBALE CAMEROUN ET AFRIQUE","article_modified_time":"2025-05-20T08:01:01+00:00","og_image":[{"url":"https:\/\/s.w.org\/images\/core\/emoji\/15.1.0\/svg\/1f4e7.svg","type":"","width":"","height":""}],"twitter_card":"summary_large_image","twitter_misc":{"Est. reading time":"4 minutes"},"schema":{"@context":"https:\/\/schema.org","@graph":[{"@type":"WebPage","@id":"https:\/\/pierretombalecameroun.net\/politique-de-confidentialite\/","url":"https:\/\/pierretombalecameroun.net\/politique-de-confidentialite\/","name":"Politique de confidentialit\u00e9 - PIERRE TOMBALE CAMEROUN ET AFRIQUE","isPartOf":{"@id":"https:\/\/pierretombalecameroun.net\/#website"},"primaryImageOfPage":{"@id":"https:\/\/pierretombalecameroun.net\/politique-de-confidentialite\/#primaryimage"},"image":{"@id":"https:\/\/pierretombalecameroun.net\/politique-de-confidentialite\/#primaryimage"},"thumbnailUrl":"https:\/\/s.w.org\/images\/core\/emoji\/15.1.0\/svg\/1f4e7.svg","datePublished":"2025-05-19T11:24:14+00:00","dateModified":"2025-05-20T08:01:01+00:00","breadcrumb":{"@id":"https:\/\/pierretombalecameroun.net\/politique-de-confidentialite\/#breadcrumb"},"inLanguage":"en-US","potentialAction":[{"@type":"ReadAction","target":["https:\/\/pierretombalecameroun.net\/politique-de-confidentialite\/"]}]},{"@type":"ImageObject","inLanguage":"en-US","@id":"https:\/\/pierretombalecameroun.net\/politique-de-confidentialite\/#primaryimage","url":"https:\/\/s.w.org\/images\/core\/emoji\/15.1.0\/svg\/1f4e7.svg","contentUrl":"https:\/\/s.w.org\/images\/core\/emoji\/15.1.0\/svg\/1f4e7.svg"},{"@type":"BreadcrumbList","@id":"https:\/\/pierretombalecameroun.net\/politique-de-confidentialite\/#breadcrumb","itemListElement":[{"@type":"ListItem","position":1,"name":"Accueil","item":"https:\/\/pierretombalecameroun.net\/"},{"@type":"ListItem","position":2,"name":"Politique de confidentialit\u00e9"}]},{"@type":"WebSite","@id":"https:\/\/pierretombalecameroun.net\/#website","url":"https:\/\/pierretombalecameroun.net\/","name":"PIERRE TOMBALE CAMEROUN ET AFRIQUE","description":"HONORER LA VIE, PRESERVER LA MEMOIRE","publisher":{"@id":"https:\/\/pierretombalecameroun.net\/#organization"},"potentialAction":[{"@type":"SearchAction","target":{"@type":"EntryPoint","urlTemplate":"https:\/\/pierretombalecameroun.net\/?s={search_term_string}"},"query-input":{"@type":"PropertyValueSpecification","valueRequired":true,"valueName":"search_term_string"}}],"inLanguage":"en-US"},{"@type":"Organization","@id":"https:\/\/pierretombalecameroun.net\/#organization","name":"PIERRE TOMBALE CAMEROUN ET AFRIQUE","url":"https:\/\/pierretombalecameroun.net\/","logo":{"@type":"ImageObject","inLanguage":"en-US","@id":"https:\/\/pierretombalecameroun.net\/#\/schema\/logo\/image\/","url":"https:\/\/pierretombalecameroun.net\/wp-content\/uploads\/2025\/05\/zipwp-image-2221.png","contentUrl":"https:\/\/pierretombalecameroun.net\/wp-content\/uploads\/2025\/05\/zipwp-image-2221.png","width":480,"height":480,"caption":"PIERRE TOMBALE CAMEROUN ET AFRIQUE"},"image":{"@id":"https:\/\/pierretombalecameroun.net\/#\/schema\/logo\/image\/"}}]}},"_links":{"self":[{"href":"https:\/\/pierretombalecameroun.net\/en\/wp-json\/wp\/v2\/pages\/293","targetHints":{"allow":["GET"]}}],"collection":[{"href":"https:\/\/pierretombalecameroun.net\/en\/wp-json\/wp\/v2\/pages"}],"about":[{"href":"https:\/\/pierretombalecameroun.net\/en\/wp-json\/wp\/v2\/types\/page"}],"author":[{"embeddable":true,"href":"https:\/\/pierretombalecameroun.net\/en\/wp-json\/wp\/v2\/users\/4"}],"replies":[{"embeddable":true,"href":"https:\/\/pierretombalecameroun.net\/en\/wp-json\/wp\/v2\/comments?post=293"}],"version-history":[{"count":19,"href":"https:\/\/pierretombalecameroun.net\/en\/wp-json\/wp\/v2\/pages\/293\/revisions"}],"predecessor-version":[{"id":771,"href":"https:\/\/pierretombalecameroun.net\/en\/wp-json\/wp\/v2\/pages\/293\/revisions\/771"}],"wp:attachment":[{"href":"https:\/\/pierretombalecameroun.net\/en\/wp-json\/wp\/v2\/media?parent=293"}],"curies":[{"name":"wp","href":"https:\/\/api.w.org\/{rel}","templated":true}]}}