{"id":282,"date":"2025-05-19T11:05:40","date_gmt":"2025-05-19T11:05:40","guid":{"rendered":"https:\/\/pierretombalecameroun.net\/?page_id=282"},"modified":"2025-05-20T08:33:19","modified_gmt":"2025-05-20T08:33:19","slug":"nous-contacter","status":"publish","type":"page","link":"https:\/\/pierretombalecameroun.net\/en\/nous-contacter\/","title":{"rendered":"About"},"content":{"rendered":"<div data-elementor-type=\"wp-page\" data-elementor-id=\"282\" class=\"elementor elementor-282\">\n\t\t\t\t<div class=\"elementor-element elementor-element-6c398a1 e-flex e-con-boxed e-con e-parent\" data-id=\"6c398a1\" data-element_type=\"container\" data-settings=\"{&quot;background_background&quot;:&quot;slideshow&quot;,&quot;background_slideshow_gallery&quot;:[{&quot;id&quot;:666,&quot;url&quot;:&quot;https:\\\/\\\/pierretombalecameroun.net\\\/wp-content\\\/uploads\\\/2025\\\/05\\\/cropped-img-20250514-wa0027.jpg&quot;},{&quot;id&quot;:518,&quot;url&quot;:&quot;https:\\\/\\\/pierretombalecameroun.net\\\/wp-content\\\/uploads\\\/2025\\\/05\\\/IMG-20250514-WA0070-1.jpg&quot;},{&quot;id&quot;:527,&quot;url&quot;:&quot;https:\\\/\\\/pierretombalecameroun.net\\\/wp-content\\\/uploads\\\/2025\\\/05\\\/IMG-20250514-WA0079-1-e1747678246318.jpg&quot;}],&quot;background_slideshow_loop&quot;:&quot;yes&quot;,&quot;background_slideshow_slide_duration&quot;:5000,&quot;background_slideshow_slide_transition&quot;:&quot;fade&quot;,&quot;background_slideshow_transition_duration&quot;:500}\">\n\t\t\t\t\t<div class=\"e-con-inner\">\n\t\t\t\t<div class=\"elementor-element elementor-element-e89b733 animated-slow elementor-invisible elementor-widget elementor-widget-heading\" data-id=\"e89b733\" data-element_type=\"widget\" data-settings=\"{&quot;_animation&quot;:&quot;zoomIn&quot;}\" data-widget_type=\"heading.default\">\n\t\t\t\t<div class=\"elementor-widget-container\">\n\t\t\t\t\t<h1 class=\"elementor-heading-title elementor-size-default\">HONOR LIFE, PRESERVE MEMORY<\/h1>\t\t\t\t<\/div>\n\t\t\t\t<\/div>\n\t\t\t\t\t<\/div>\n\t\t\t\t<\/div>\n\t\t<div class=\"elementor-element elementor-element-8141696 e-con-full e-flex e-con e-parent\" data-id=\"8141696\" data-element_type=\"container\">\n\t\t\t\t<div class=\"elementor-element elementor-element-ac706d2 elementor-widget__width-initial elementor-widget elementor-widget-text-editor\" data-id=\"ac706d2\" data-element_type=\"widget\" data-widget_type=\"text-editor.default\">\n\t\t\t\t<div class=\"elementor-widget-container\">\n\t\t\t\t\t\t\t\t\t<h3 data-start=\"215\" data-end=\"258\">HONORING MEMORIES, BUILDING ETERNITY<\/h3>\n<p data-start=\"260\" data-end=\"656\"><strong data-start=\"260\" data-end=\"287\">Pierre Tombale Cameroun<\/strong> is a company specialised in <strong data-start=\"327\" data-end=\"406\">Design, manufacturing, and installation of high-end funeral monuments<\/strong>. Based at <strong data-start=\"416\" data-end=\"427\">Yaounde<\/strong>the area known as <strong data-start=\"441\" data-end=\"472\">Nouvelle Route Fanta Citron<\/strong>We put our expertise at the service of families, communities, and the Cameroonian diaspora wishing to honor their departed loved ones with dignity and refinement.<\/p>\n<hr data-start=\"658\" data-end=\"661\">\n<h2 data-start=\"663\" data-end=\"682\">Our mission<\/h2>\n<p data-start=\"684\" data-end=\"960\">We believe that every life deserves a unique and timeless tribute. That is why we offer <strong data-start=\"786\" data-end=\"821\">personalized tombstones<\/strong>custom-designed monuments made from premium materials (granite, marble, natural stone) and crafted according to the traditions and wishes of each family.<\/p>\n<p data-start=\"962\" data-end=\"1153\">Our goal is simple: <strong data-start=\"990\" data-end=\"1059\">to provide durable, aesthetically pleasing monuments that carry the memory<\/strong>while simplifying the process for our clients, whether they are local or abroad.<\/p>\n<hr data-start=\"1155\" data-end=\"1158\">\n<h2 data-start=\"1160\" data-end=\"1181\">Our Commitments<\/h2>\n<ul data-start=\"1183\" data-end=\"1742\">\n<li data-start=\"1183\" data-end=\"1308\">\n<p data-start=\"1185\" data-end=\"1308\"><strong data-start=\"1185\" data-end=\"1207\">High quality<\/strong> : we carefully select the materials and ensure a flawless finish for each monument.<\/p>\n<\/li>\n<li data-start=\"1309\" data-end=\"1460\">\n<p data-start=\"1311\" data-end=\"1460\"><strong data-start=\"1311\" data-end=\"1339\">Listening and Support<\/strong> We listen to your needs, traditions, and specific wishes, to create a tribute that faithfully reflects your values.<\/p>\n<\/li>\n<li data-start=\"1461\" data-end=\"1625\">\n<p data-start=\"1463\" data-end=\"1625\"><strong data-start=\"1463\" data-end=\"1489\">Diaspora Accessibility<\/strong> : Living in Europe, Canada, or elsewhere? You can place an order and follow the entire process from abroad via <strong data-start=\"1612\" data-end=\"1624\">WhatsApp<\/strong>.<\/p>\n<\/li>\n<li data-start=\"1626\" data-end=\"1742\">\n<p data-start=\"1628\" data-end=\"1742\"><strong data-start=\"1628\" data-end=\"1646\">: Deadline respected<\/strong> : Because a tribute should not be delayed, we are committed to delivering within the shortest possible time.<\/p>\n<\/li>\n<\/ul>\n<hr data-start=\"1744\" data-end=\"1747\">\n<h2 data-start=\"1749\" data-end=\"1767\">Our services<\/h2>\n<p data-start=\"1769\" data-end=\"1844\">Nous proposons une gamme compl\u00e8te de prestations fun\u00e9raires haut de gamme :<\/p>\n<ul data-start=\"1846\" data-end=\"2112\">\n<li data-start=\"1846\" data-end=\"1893\">\n<p data-start=\"1848\" data-end=\"1893\"><strong data-start=\"1848\" data-end=\"1893\">Conception de pierres tombales sur mesure<\/strong><\/p>\n<\/li>\n<li data-start=\"1894\" data-end=\"1966\">\n<p data-start=\"1896\" data-end=\"1966\"><strong data-start=\"1896\" data-end=\"1966\">Pose de monuments fun\u00e9raires (tombes simples, doubles, familiales).<\/strong><\/p>\n<\/li>\n<li data-start=\"1967\" data-end=\"2006\">\n<p data-start=\"1969\" data-end=\"2006\"><strong data-start=\"1969\" data-end=\"2006\">Cr\u00e9ation de st\u00e8les personnalis\u00e9es<\/strong><\/p>\n<\/li>\n<li data-start=\"2007\" data-end=\"2056\">\n<p data-start=\"2009\" data-end=\"2056\"><strong data-start=\"2009\" data-end=\"2056\">Gravures artisanales et messages sur pierre<\/strong><\/p>\n<\/li>\n<li data-start=\"2057\" data-end=\"2112\">\n<p data-start=\"2059\" data-end=\"2112\"><strong data-start=\"2059\" data-end=\"2112\">R\u00e9novation ou remplacement de monuments existants<\/strong><\/p>\n<\/li>\n<\/ul>\n<p data-start=\"2114\" data-end=\"2277\">Chaque projet est unique. Nous travaillons main dans la main avec vous pour concevoir un monument qui vous ressemble, dans le respect du d\u00e9funt et de votre budget.<\/p>\n<hr data-start=\"2279\" data-end=\"2282\">\n<h2 data-start=\"2284\" data-end=\"2318\">Notre savoir-faire en images<\/h2>\n<p data-start=\"2320\" data-end=\"2540\">Consultez notre <strong data-start=\"2336\" data-end=\"2363\">galerie de r\u00e9alisations<\/strong> pour d\u00e9couvrir des exemples concrets de nos cr\u00e9ations. Chaque image est le reflet de notre professionnalisme, de notre souci du d\u00e9tail et de notre engagement pour l\u2019excellence.<\/p>\n<hr data-start=\"2542\" data-end=\"2545\">\n<h2 data-start=\"2547\" data-end=\"2576\">Un site pens\u00e9 pour vous<\/h2>\n<p data-start=\"2578\" data-end=\"2707\">Notre site internet a \u00e9t\u00e9 con\u00e7u pour vous offrir une navigation simple et intuitive, que vous soyez au Cameroun ou \u00e0 l\u2019\u00e9tranger :<\/p>\n<ul data-start=\"2709\" data-end=\"2949\">\n<li data-start=\"2709\" data-end=\"2748\">\n<p data-start=\"2711\" data-end=\"2748\">Commande facile via <strong data-start=\"2734\" data-end=\"2746\">WhatsApp<\/strong><\/p>\n<\/li>\n<li data-start=\"2749\" data-end=\"2811\">\n<p data-start=\"2751\" data-end=\"2811\">Catalogue de pierres tombales avec <strong data-start=\"2790\" data-end=\"2809\">prix indicatifs<\/strong><\/p>\n<\/li>\n<li data-start=\"2812\" data-end=\"2868\">\n<p data-start=\"2814\" data-end=\"2868\"><strong data-start=\"2817\" data-end=\"2841\">Filtres de recherche<\/strong> pour faciliter vos choix<\/p>\n<\/li>\n<li data-start=\"2869\" data-end=\"2949\">\n<p data-start=\"2871\" data-end=\"2949\">Exp\u00e9rience <strong data-start=\"2885\" data-end=\"2901\">mobile-first<\/strong>, consultable facilement depuis votre smartphone<\/p>\n<\/li>\n<\/ul>\n<hr data-start=\"2951\" data-end=\"2954\">\n<h2 data-start=\"2956\" data-end=\"2986\">T\u00e9moignages de confiance<\/h2>\n<p data-start=\"2988\" data-end=\"3174\">Des dizaines de familles nous ont d\u00e9j\u00e0 fait confiance pour accompagner des moments parmi les plus d\u00e9licats de leur vie. Vous retrouverez certains de leurs <strong data-start=\"3143\" data-end=\"3158\">t\u00e9moignages<\/strong> sur notre site.<\/p>\n<hr data-start=\"3176\" data-end=\"3179\">\n<h2 data-start=\"3181\" data-end=\"3201\"><span style=\"font-size: 35px; font-weight: 600;\">Contactez-nous<\/span><\/h2>\n<p data-start=\"3203\" data-end=\"3336\">Vous avez une question ? Vous souhaitez un devis ou une cr\u00e9ation sur mesure ?<br data-start=\"3280\" data-end=\"3283\">Nous sommes disponibles, r\u00e9actifs, et \u00e0 votre \u00e9coute.<\/p>\n<p data-start=\"3338\" data-end=\"3495\"><img decoding=\"async\" draggable=\"false\" role=\"img\" class=\"emoji\" alt=\"\ud83d\udccd\" src=\"https:\/\/s.w.org\/images\/core\/emoji\/15.1.0\/svg\/1f4cd.svg\"> <strong data-start=\"3341\" data-end=\"3352\">Adresse<\/strong> : Nouvelle route Fanta Citron, Yaound\u00e9<br data-start=\"3391\" data-end=\"3394\"><img decoding=\"async\" draggable=\"false\" role=\"img\" class=\"emoji\" alt=\"\ud83d\udcde\" src=\"https:\/\/s.w.org\/images\/core\/emoji\/15.1.0\/svg\/1f4de.svg\"> <strong data-start=\"3397\" data-end=\"3419\">T\u00e9l\u00e9phone\/WhatsApp<\/strong> : +237 694 84 89 31<br data-start=\"3445\" data-end=\"3448\"><img decoding=\"async\" draggable=\"false\" role=\"img\" class=\"emoji\" alt=\"\ud83d\udce7\" src=\"https:\/\/s.w.org\/images\/core\/emoji\/15.1.0\/svg\/1f4e7.svg\"> <strong data-start=\"3451\" data-end=\"3460\">Email<\/strong> : <a class=\"cursor-pointer\" rel=\"noopener\" data-start=\"3463\" data-end=\"3495\">contact@pierretombalecameroun.net<\/a><\/p>\n<hr data-start=\"3497\" data-end=\"3500\">\n<p data-start=\"3502\" data-end=\"3592\"><strong data-start=\"3502\" data-end=\"3529\">Pierre Tombale Cameroun<\/strong>,<br data-start=\"3530\" data-end=\"3533\"><em data-start=\"3533\" data-end=\"3592\">Parce que la m\u00e9moire m\u00e9rite un monument digne et \u00e9ternel.<\/em><\/p>\t\t\t\t\t\t\t\t<\/div>\n\t\t\t\t<\/div>\n\t\t\t\t<\/div>\n\t\t\t\t<\/div>","protected":false},"excerpt":{"rendered":"<p>HONORER LA VIE, PRESERVER LA MEMOIRE Honorer les souvenirs, b\u00e2tir l\u2019\u00e9ternit\u00e9 Pierre Tombale Cameroun est une entreprise sp\u00e9cialis\u00e9e dans la conception, la fabrication et la pose de monuments fun\u00e9raires haut de gamme. Bas\u00e9s \u00e0 Yaound\u00e9, au lieu-dit Nouvelle route Fanta Citron, nous mettons notre expertise au service des familles, des collectivit\u00e9s et de la diaspora [&hellip;]<\/p>","protected":false},"author":4,"featured_media":0,"parent":0,"menu_order":0,"comment_status":"closed","ping_status":"closed","template":"","meta":{"ocean_post_layout":"","ocean_both_sidebars_style":"","ocean_both_sidebars_content_width":0,"ocean_both_sidebars_sidebars_width":0,"ocean_sidebar":"","ocean_second_sidebar":"","ocean_disable_margins":"enable","ocean_add_body_class":"","ocean_shortcode_before_top_bar":"","ocean_shortcode_after_top_bar":"","ocean_shortcode_before_header":"","ocean_shortcode_after_header":"","ocean_has_shortcode":"","ocean_shortcode_after_title":"","ocean_shortcode_before_footer_widgets":"","ocean_shortcode_after_footer_widgets":"","ocean_shortcode_before_footer_bottom":"","ocean_shortcode_after_footer_bottom":"","ocean_display_top_bar":"default","ocean_display_header":"default","ocean_header_style":"","ocean_center_header_left_menu":"","ocean_custom_header_template":"","ocean_custom_logo":0,"ocean_custom_retina_logo":0,"ocean_custom_logo_max_width":0,"ocean_custom_logo_tablet_max_width":0,"ocean_custom_logo_mobile_max_width":0,"ocean_custom_logo_max_height":0,"ocean_custom_logo_tablet_max_height":0,"ocean_custom_logo_mobile_max_height":0,"ocean_header_custom_menu":"","ocean_menu_typo_font_family":"","ocean_menu_typo_font_subset":"","ocean_menu_typo_font_size":0,"ocean_menu_typo_font_size_tablet":0,"ocean_menu_typo_font_size_mobile":0,"ocean_menu_typo_font_size_unit":"px","ocean_menu_typo_font_weight":"","ocean_menu_typo_font_weight_tablet":"","ocean_menu_typo_font_weight_mobile":"","ocean_menu_typo_transform":"","ocean_menu_typo_transform_tablet":"","ocean_menu_typo_transform_mobile":"","ocean_menu_typo_line_height":0,"ocean_menu_typo_line_height_tablet":0,"ocean_menu_typo_line_height_mobile":0,"ocean_menu_typo_line_height_unit":"","ocean_menu_typo_spacing":0,"ocean_menu_typo_spacing_tablet":0,"ocean_menu_typo_spacing_mobile":0,"ocean_menu_typo_spacing_unit":"","ocean_menu_link_color":"","ocean_menu_link_color_hover":"","ocean_menu_link_color_active":"","ocean_menu_link_background":"","ocean_menu_link_hover_background":"","ocean_menu_link_active_background":"","ocean_menu_social_links_bg":"","ocean_menu_social_hover_links_bg":"","ocean_menu_social_links_color":"","ocean_menu_social_hover_links_color":"","ocean_disable_title":"default","ocean_disable_heading":"default","ocean_post_title":"","ocean_post_subheading":"","ocean_post_title_style":"","ocean_post_title_background_color":"","ocean_post_title_background":0,"ocean_post_title_bg_image_position":"","ocean_post_title_bg_image_attachment":"","ocean_post_title_bg_image_repeat":"","ocean_post_title_bg_image_size":"","ocean_post_title_height":0,"ocean_post_title_bg_overlay":0.5,"ocean_post_title_bg_overlay_color":"","ocean_disable_breadcrumbs":"default","ocean_breadcrumbs_color":"","ocean_breadcrumbs_separator_color":"","ocean_breadcrumbs_links_color":"","ocean_breadcrumbs_links_hover_color":"","ocean_display_footer_widgets":"default","ocean_display_footer_bottom":"default","ocean_custom_footer_template":"","footnotes":""},"class_list":["post-282","page","type-page","status-publish","hentry","entry"],"yoast_head":"<!-- This site is optimized with the Yoast SEO plugin v25.3 - https:\/\/yoast.com\/wordpress\/plugins\/seo\/ -->\n<title>A propos - PIERRE TOMBALE CAMEROUN ET AFRIQUE<\/title>\n<meta name=\"robots\" content=\"index, follow, max-snippet:-1, max-image-preview:large, max-video-preview:-1\" \/>\n<link rel=\"canonical\" href=\"https:\/\/pierretombalecameroun.net\/en\/nous-contacter\/\" \/>\n<meta property=\"og:locale\" content=\"en_US\" \/>\n<meta property=\"og:type\" content=\"article\" \/>\n<meta property=\"og:title\" content=\"A propos - PIERRE TOMBALE CAMEROUN ET AFRIQUE\" \/>\n<meta property=\"og:description\" content=\"HONORER LA VIE, PRESERVER LA MEMOIRE Honorer les souvenirs, b\u00e2tir l\u2019\u00e9ternit\u00e9 Pierre Tombale Cameroun est une entreprise sp\u00e9cialis\u00e9e dans la conception, la fabrication et la pose de monuments fun\u00e9raires haut de gamme. Bas\u00e9s \u00e0 Yaound\u00e9, au lieu-dit Nouvelle route Fanta Citron, nous mettons notre expertise au service des familles, des collectivit\u00e9s et de la diaspora [&hellip;]\" \/>\n<meta property=\"og:url\" content=\"https:\/\/pierretombalecameroun.net\/en\/nous-contacter\/\" \/>\n<meta property=\"og:site_name\" content=\"PIERRE TOMBALE CAMEROUN ET AFRIQUE\" \/>\n<meta property=\"article:modified_time\" content=\"2025-05-20T08:33:19+00:00\" \/>\n<meta property=\"og:image\" content=\"https:\/\/s.w.org\/images\/core\/emoji\/15.1.0\/svg\/1f4cd.svg\" \/>\n<meta name=\"twitter:card\" content=\"summary_large_image\" \/>\n<meta name=\"twitter:label1\" content=\"Est. reading time\" \/>\n\t<meta name=\"twitter:data1\" content=\"3 minutes\" \/>\n<script type=\"application\/ld+json\" class=\"yoast-schema-graph\">{\"@context\":\"https:\/\/schema.org\",\"@graph\":[{\"@type\":\"WebPage\",\"@id\":\"https:\/\/pierretombalecameroun.net\/nous-contacter\/\",\"url\":\"https:\/\/pierretombalecameroun.net\/nous-contacter\/\",\"name\":\"A propos - PIERRE TOMBALE CAMEROUN ET AFRIQUE\",\"isPartOf\":{\"@id\":\"https:\/\/pierretombalecameroun.net\/#website\"},\"primaryImageOfPage\":{\"@id\":\"https:\/\/pierretombalecameroun.net\/nous-contacter\/#primaryimage\"},\"image\":{\"@id\":\"https:\/\/pierretombalecameroun.net\/nous-contacter\/#primaryimage\"},\"thumbnailUrl\":\"https:\/\/s.w.org\/images\/core\/emoji\/15.1.0\/svg\/1f4cd.svg\",\"datePublished\":\"2025-05-19T11:05:40+00:00\",\"dateModified\":\"2025-05-20T08:33:19+00:00\",\"breadcrumb\":{\"@id\":\"https:\/\/pierretombalecameroun.net\/nous-contacter\/#breadcrumb\"},\"inLanguage\":\"en-US\",\"potentialAction\":[{\"@type\":\"ReadAction\",\"target\":[\"https:\/\/pierretombalecameroun.net\/nous-contacter\/\"]}]},{\"@type\":\"ImageObject\",\"inLanguage\":\"en-US\",\"@id\":\"https:\/\/pierretombalecameroun.net\/nous-contacter\/#primaryimage\",\"url\":\"https:\/\/s.w.org\/images\/core\/emoji\/15.1.0\/svg\/1f4cd.svg\",\"contentUrl\":\"https:\/\/s.w.org\/images\/core\/emoji\/15.1.0\/svg\/1f4cd.svg\"},{\"@type\":\"BreadcrumbList\",\"@id\":\"https:\/\/pierretombalecameroun.net\/nous-contacter\/#breadcrumb\",\"itemListElement\":[{\"@type\":\"ListItem\",\"position\":1,\"name\":\"Accueil\",\"item\":\"https:\/\/pierretombalecameroun.net\/\"},{\"@type\":\"ListItem\",\"position\":2,\"name\":\"A propos\"}]},{\"@type\":\"WebSite\",\"@id\":\"https:\/\/pierretombalecameroun.net\/#website\",\"url\":\"https:\/\/pierretombalecameroun.net\/\",\"name\":\"PIERRE TOMBALE CAMEROUN ET AFRIQUE\",\"description\":\"HONORER LA VIE, PRESERVER LA MEMOIRE\",\"publisher\":{\"@id\":\"https:\/\/pierretombalecameroun.net\/#organization\"},\"potentialAction\":[{\"@type\":\"SearchAction\",\"target\":{\"@type\":\"EntryPoint\",\"urlTemplate\":\"https:\/\/pierretombalecameroun.net\/?s={search_term_string}\"},\"query-input\":{\"@type\":\"PropertyValueSpecification\",\"valueRequired\":true,\"valueName\":\"search_term_string\"}}],\"inLanguage\":\"en-US\"},{\"@type\":\"Organization\",\"@id\":\"https:\/\/pierretombalecameroun.net\/#organization\",\"name\":\"PIERRE TOMBALE CAMEROUN ET AFRIQUE\",\"url\":\"https:\/\/pierretombalecameroun.net\/\",\"logo\":{\"@type\":\"ImageObject\",\"inLanguage\":\"en-US\",\"@id\":\"https:\/\/pierretombalecameroun.net\/#\/schema\/logo\/image\/\",\"url\":\"https:\/\/pierretombalecameroun.net\/wp-content\/uploads\/2025\/05\/zipwp-image-2221.png\",\"contentUrl\":\"https:\/\/pierretombalecameroun.net\/wp-content\/uploads\/2025\/05\/zipwp-image-2221.png\",\"width\":480,\"height\":480,\"caption\":\"PIERRE TOMBALE CAMEROUN ET AFRIQUE\"},\"image\":{\"@id\":\"https:\/\/pierretombalecameroun.net\/#\/schema\/logo\/image\/\"}}]}<\/script>\n<!-- \/ Yoast SEO plugin. -->","yoast_head_json":{"title":"A propos - PIERRE TOMBALE CAMEROUN ET AFRIQUE","robots":{"index":"index","follow":"follow","max-snippet":"max-snippet:-1","max-image-preview":"max-image-preview:large","max-video-preview":"max-video-preview:-1"},"canonical":"https:\/\/pierretombalecameroun.net\/en\/nous-contacter\/","og_locale":"en_US","og_type":"article","og_title":"A propos - PIERRE TOMBALE CAMEROUN ET AFRIQUE","og_description":"HONORER LA VIE, PRESERVER LA MEMOIRE Honorer les souvenirs, b\u00e2tir l\u2019\u00e9ternit\u00e9 Pierre Tombale Cameroun est une entreprise sp\u00e9cialis\u00e9e dans la conception, la fabrication et la pose de monuments fun\u00e9raires haut de gamme. Bas\u00e9s \u00e0 Yaound\u00e9, au lieu-dit Nouvelle route Fanta Citron, nous mettons notre expertise au service des familles, des collectivit\u00e9s et de la diaspora [&hellip;]","og_url":"https:\/\/pierretombalecameroun.net\/en\/nous-contacter\/","og_site_name":"PIERRE TOMBALE CAMEROUN ET AFRIQUE","article_modified_time":"2025-05-20T08:33:19+00:00","og_image":[{"url":"https:\/\/s.w.org\/images\/core\/emoji\/15.1.0\/svg\/1f4cd.svg","type":"","width":"","height":""}],"twitter_card":"summary_large_image","twitter_misc":{"Est. reading time":"3 minutes"},"schema":{"@context":"https:\/\/schema.org","@graph":[{"@type":"WebPage","@id":"https:\/\/pierretombalecameroun.net\/nous-contacter\/","url":"https:\/\/pierretombalecameroun.net\/nous-contacter\/","name":"A propos - PIERRE TOMBALE CAMEROUN ET AFRIQUE","isPartOf":{"@id":"https:\/\/pierretombalecameroun.net\/#website"},"primaryImageOfPage":{"@id":"https:\/\/pierretombalecameroun.net\/nous-contacter\/#primaryimage"},"image":{"@id":"https:\/\/pierretombalecameroun.net\/nous-contacter\/#primaryimage"},"thumbnailUrl":"https:\/\/s.w.org\/images\/core\/emoji\/15.1.0\/svg\/1f4cd.svg","datePublished":"2025-05-19T11:05:40+00:00","dateModified":"2025-05-20T08:33:19+00:00","breadcrumb":{"@id":"https:\/\/pierretombalecameroun.net\/nous-contacter\/#breadcrumb"},"inLanguage":"en-US","potentialAction":[{"@type":"ReadAction","target":["https:\/\/pierretombalecameroun.net\/nous-contacter\/"]}]},{"@type":"ImageObject","inLanguage":"en-US","@id":"https:\/\/pierretombalecameroun.net\/nous-contacter\/#primaryimage","url":"https:\/\/s.w.org\/images\/core\/emoji\/15.1.0\/svg\/1f4cd.svg","contentUrl":"https:\/\/s.w.org\/images\/core\/emoji\/15.1.0\/svg\/1f4cd.svg"},{"@type":"BreadcrumbList","@id":"https:\/\/pierretombalecameroun.net\/nous-contacter\/#breadcrumb","itemListElement":[{"@type":"ListItem","position":1,"name":"Accueil","item":"https:\/\/pierretombalecameroun.net\/"},{"@type":"ListItem","position":2,"name":"A propos"}]},{"@type":"WebSite","@id":"https:\/\/pierretombalecameroun.net\/#website","url":"https:\/\/pierretombalecameroun.net\/","name":"PIERRE TOMBALE CAMEROUN ET AFRIQUE","description":"HONORER LA VIE, PRESERVER LA MEMOIRE","publisher":{"@id":"https:\/\/pierretombalecameroun.net\/#organization"},"potentialAction":[{"@type":"SearchAction","target":{"@type":"EntryPoint","urlTemplate":"https:\/\/pierretombalecameroun.net\/?s={search_term_string}"},"query-input":{"@type":"PropertyValueSpecification","valueRequired":true,"valueName":"search_term_string"}}],"inLanguage":"en-US"},{"@type":"Organization","@id":"https:\/\/pierretombalecameroun.net\/#organization","name":"PIERRE TOMBALE CAMEROUN ET AFRIQUE","url":"https:\/\/pierretombalecameroun.net\/","logo":{"@type":"ImageObject","inLanguage":"en-US","@id":"https:\/\/pierretombalecameroun.net\/#\/schema\/logo\/image\/","url":"https:\/\/pierretombalecameroun.net\/wp-content\/uploads\/2025\/05\/zipwp-image-2221.png","contentUrl":"https:\/\/pierretombalecameroun.net\/wp-content\/uploads\/2025\/05\/zipwp-image-2221.png","width":480,"height":480,"caption":"PIERRE TOMBALE CAMEROUN ET AFRIQUE"},"image":{"@id":"https:\/\/pierretombalecameroun.net\/#\/schema\/logo\/image\/"}}]}},"_links":{"self":[{"href":"https:\/\/pierretombalecameroun.net\/en\/wp-json\/wp\/v2\/pages\/282","targetHints":{"allow":["GET"]}}],"collection":[{"href":"https:\/\/pierretombalecameroun.net\/en\/wp-json\/wp\/v2\/pages"}],"about":[{"href":"https:\/\/pierretombalecameroun.net\/en\/wp-json\/wp\/v2\/types\/page"}],"author":[{"embeddable":true,"href":"https:\/\/pierretombalecameroun.net\/en\/wp-json\/wp\/v2\/users\/4"}],"replies":[{"embeddable":true,"href":"https:\/\/pierretombalecameroun.net\/en\/wp-json\/wp\/v2\/comments?post=282"}],"version-history":[{"count":33,"href":"https:\/\/pierretombalecameroun.net\/en\/wp-json\/wp\/v2\/pages\/282\/revisions"}],"predecessor-version":[{"id":807,"href":"https:\/\/pierretombalecameroun.net\/en\/wp-json\/wp\/v2\/pages\/282\/revisions\/807"}],"wp:attachment":[{"href":"https:\/\/pierretombalecameroun.net\/en\/wp-json\/wp\/v2\/media?parent=282"}],"curies":[{"name":"wp","href":"https:\/\/api.w.org\/{rel}","templated":true}]}}